{"id":8,"date":"2024-02-19T11:55:08","date_gmt":"2024-02-19T11:55:08","guid":{"rendered":"https:\/\/hyvantuulentie.fi\/?page_id=8"},"modified":"2024-04-11T12:37:01","modified_gmt":"2024-04-11T12:37:01","slug":"hyvantuulentie","status":"publish","type":"page","link":"https:\/\/hyvantuulentie.fi\/?page_id=8","title":{"rendered":"Hyv\u00e4ntuulentiell\u00e4 valkun kanssa"},"content":{"rendered":"\n<div class=\"wp-block-group alignfull has-accent-background-color has-background has-global-padding is-content-justification-left is-layout-constrained wp-container-core-group-is-layout-598bffc8 wp-block-group-is-layout-constrained\" style=\"margin-top:0;margin-bottom:0;padding-top:var(--wp--preset--spacing--50);padding-right:var(--wp--preset--spacing--50);padding-bottom:var(--wp--preset--spacing--50);padding-left:var(--wp--preset--spacing--50)\">\n<div class=\"wp-block-columns alignwide is-layout-flex wp-container-core-columns-is-layout-1da03c2a wp-block-columns-is-layout-flex\">\n<div class=\"wp-block-column is-vertically-aligned-stretch is-layout-flow wp-block-column-is-layout-flow\" style=\"flex-basis:50%\">\n<div class=\"wp-block-group is-vertical is-content-justification-stretch is-layout-flex wp-container-core-group-is-layout-444d5ee8 wp-block-group-is-layout-flex\" style=\"min-height:100%\">\n<p class=\"has-heading-font-family has-x-large-font-size\" style=\"line-height:1.2\">T\u00e4nne tulee tarinaa yhteisest\u00e4 matkastamme Hannu valkun kanssa kohti tavoitteita &#8230;<\/p>\n\n\n\n<div class=\"wp-block-group has-global-padding is-content-justification-left is-layout-constrained wp-container-core-group-is-layout-9fe8ed88 wp-block-group-is-layout-constrained\">\n<p class=\"wp-container-content-0733e5d0\">Leaving an indelible mark on the landscape of tomorrow.<\/p>\n\n\n\n<div class=\"wp-block-buttons is-layout-flex wp-block-buttons-is-layout-flex\">\n<div class=\"wp-block-button\"><a class=\"wp-block-button__link wp-element-button\">Tietoa meist\u00e4<\/a><\/div>\n<\/div>\n<\/div>\n<\/div>\n<\/div>\n\n\n\n<div class=\"wp-block-column is-layout-flow wp-block-column-is-layout-flow\"><\/div>\n\n\n\n<div class=\"wp-block-column is-vertically-aligned-center has-global-padding is-layout-constrained wp-block-column-is-layout-constrained\" style=\"flex-basis:50%\">\n<figure class=\"wp-block-image size-large is-style-rounded is-style-rounded--1\"><img loading=\"lazy\" decoding=\"async\" width=\"462\" height=\"1024\" src=\"https:\/\/hyvantuulentie.fi\/wp-content\/uploads\/2024\/02\/Raija_x-462x1024.jpg\" alt=\"\" class=\"wp-image-10\" style=\"aspect-ratio:3\/4;object-fit:cover\" srcset=\"https:\/\/hyvantuulentie.fi\/wp-content\/uploads\/2024\/02\/Raija_x-462x1024.jpg 462w, https:\/\/hyvantuulentie.fi\/wp-content\/uploads\/2024\/02\/Raija_x-135x300.jpg 135w, https:\/\/hyvantuulentie.fi\/wp-content\/uploads\/2024\/02\/Raija_x-768x1703.jpg 768w, https:\/\/hyvantuulentie.fi\/wp-content\/uploads\/2024\/02\/Raija_x-693x1536.jpg 693w, https:\/\/hyvantuulentie.fi\/wp-content\/uploads\/2024\/02\/Raija_x-924x2048.jpg 924w, https:\/\/hyvantuulentie.fi\/wp-content\/uploads\/2024\/02\/Raija_x-scaled.jpg 1155w\" sizes=\"auto, (max-width: 462px) 100vw, 462px\" \/><\/figure>\n\n\n\n<figure class=\"wp-block-image size-full\"><img loading=\"lazy\" decoding=\"async\" width=\"462\" height=\"1024\" src=\"https:\/\/hyvantuulentie.fi\/wp-content\/uploads\/2024\/02\/image.jpeg\" alt=\"T\u00e4m\u00e4n kuvan alt-attribuutti on tyhj\u00e4; Tiedoston nimi on Hannu_x-462x1024.jpg\" class=\"wp-image-12\" style=\"aspect-ratio:3\/4;object-fit:cover\" srcset=\"https:\/\/hyvantuulentie.fi\/wp-content\/uploads\/2024\/02\/image.jpeg 462w, https:\/\/hyvantuulentie.fi\/wp-content\/uploads\/2024\/02\/image-135x300.jpeg 135w\" sizes=\"auto, (max-width: 462px) 100vw, 462px\" \/><\/figure>\n<\/div>\n<\/div>\n<\/div>\n\n\n","protected":false},"excerpt":{"rendered":"<p>T\u00e4nne tulee tarinaa yhteisest\u00e4 matkastamme Hannu valkun kanssa kohti tavoitteita &#8230; Leaving an indelible mark on the landscape of tomorrow.<\/p>\n","protected":false},"author":1,"featured_media":0,"parent":0,"menu_order":0,"comment_status":"closed","ping_status":"closed","template":"","meta":{"footnotes":""},"class_list":["post-8","page","type-page","status-publish","hentry"],"_links":{"self":[{"href":"https:\/\/hyvantuulentie.fi\/index.php?rest_route=\/wp\/v2\/pages\/8","targetHints":{"allow":["GET"]}}],"collection":[{"href":"https:\/\/hyvantuulentie.fi\/index.php?rest_route=\/wp\/v2\/pages"}],"about":[{"href":"https:\/\/hyvantuulentie.fi\/index.php?rest_route=\/wp\/v2\/types\/page"}],"author":[{"embeddable":true,"href":"https:\/\/hyvantuulentie.fi\/index.php?rest_route=\/wp\/v2\/users\/1"}],"replies":[{"embeddable":true,"href":"https:\/\/hyvantuulentie.fi\/index.php?rest_route=%2Fwp%2Fv2%2Fcomments&post=8"}],"version-history":[{"count":6,"href":"https:\/\/hyvantuulentie.fi\/index.php?rest_route=\/wp\/v2\/pages\/8\/revisions"}],"predecessor-version":[{"id":31,"href":"https:\/\/hyvantuulentie.fi\/index.php?rest_route=\/wp\/v2\/pages\/8\/revisions\/31"}],"wp:attachment":[{"href":"https:\/\/hyvantuulentie.fi\/index.php?rest_route=%2Fwp%2Fv2%2Fmedia&parent=8"}],"curies":[{"name":"wp","href":"https:\/\/api.w.org\/{rel}","templated":true}]}}